{"id":126,"date":"2024-10-16T12:30:48","date_gmt":"2024-10-16T12:30:48","guid":{"rendered":"https:\/\/nexusstrategymada.wordpress.com\/?page_id=126"},"modified":"2024-10-16T12:30:48","modified_gmt":"2024-10-16T12:30:48","slug":"developpement-professionnel","status":"publish","type":"page","link":"https:\/\/nexusstrategy.mg\/index.php\/developpement-professionnel\/","title":{"rendered":"D\u00e9veloppement professionnel"},"content":{"rendered":"\n<div class=\"wp-block-media-text is-stacked-on-mobile\" style=\"grid-template-columns:46% auto\"><figure class=\"wp-block-media-text__media\"><img decoding=\"async\" src=\"https:\/\/nexusstrategymada.wordpress.com\/wp-content\/uploads\/2024\/10\/cut-out-arms-stylish-touching-showing-2.jpg?w=833\" alt=\"\" class=\"wp-image-129 size-full\" \/><\/figure><div class=\"wp-block-media-text__content\">\n<p><strong>Formation th\u00e9matique <\/strong><\/p>\n\n\n\n<p>Nous proposons des formations th\u00e9matiques pr\u00eates \u00e0 l&#8217;emploi, adapt\u00e9es aux probl\u00e9matiques sp\u00e9cifiques de votre entreprise. En analysant vos d\u00e9fis, nous s\u00e9lectionnons les solutions les plus pertinentes pour am\u00e9liorer le leadership, renforcer l&rsquo;engagement des \u00e9quipes et optimiser la performance, garantissant des r\u00e9sultats concrets et durables.<\/p>\n\n\n\n<p><strong>Formation sur mesure<\/strong><br>Nous concevons des programmes de formation adapt\u00e9s aux besoins sp\u00e9cifiques de votre entreprise, en identifiant les comp\u00e9tences essentielles et en \u00e9laborant des cours et des ateliers pour renforcer les connaissances et les comp\u00e9tences de votre personnel.<\/p>\n<\/div><\/div>\n\n\n\n<p><strong>D\u00e9veloppement de carri\u00e8re<\/strong><br>Nous aidons vos employ\u00e9s \u00e0 progresser dans leur carri\u00e8re en leur fournissant des opportunit\u00e9s de d\u00e9veloppement professionnel, en les guidant dans la d\u00e9finition d&rsquo;objectifs de carri\u00e8re et en leur offrant des ressources pour atteindre leur plein potentiel.<\/p>\n\n\n\n<p><strong>Accompagnement et mentorat<\/strong><br>Nous proposons un coaching individuel et un mentorat personnalis\u00e9 pour aider vos employ\u00e9s \u00e0 surmonter les obstacles professionnels, \u00e0 acqu\u00e9rir de nouvelles comp\u00e9tences et \u00e0 atteindre leurs objectifs professionnels \u00e0 long terme.<\/p>\n\n\n\n<p><\/p>\n","protected":false},"excerpt":{"rendered":"<p>Formation th\u00e9matique Nous proposons des formations th\u00e9matiques pr\u00eates \u00e0 l&#8217;emploi, adapt\u00e9es aux probl\u00e9matiques sp\u00e9cifiques de votre entreprise. En analysant vos d\u00e9fis, nous s\u00e9lectionnons les solutions les plus pertinentes pour am\u00e9liorer le leadership, renforcer l&rsquo;engagement des \u00e9quipes et optimiser la performance, garantissant des r\u00e9sultats concrets et durables. Formation sur mesureNous concevons des programmes de formation adapt\u00e9s [&hellip;]<\/p>\n","protected":false},"author":1,"featured_media":0,"parent":0,"menu_order":0,"comment_status":"closed","ping_status":"closed","template":"","meta":{"footnotes":""},"class_list":["post-126","page","type-page","status-publish","hentry"],"_links":{"self":[{"href":"https:\/\/nexusstrategy.mg\/index.php\/wp-json\/wp\/v2\/pages\/126","targetHints":{"allow":["GET"]}}],"collection":[{"href":"https:\/\/nexusstrategy.mg\/index.php\/wp-json\/wp\/v2\/pages"}],"about":[{"href":"https:\/\/nexusstrategy.mg\/index.php\/wp-json\/wp\/v2\/types\/page"}],"author":[{"embeddable":true,"href":"https:\/\/nexusstrategy.mg\/index.php\/wp-json\/wp\/v2\/users\/1"}],"replies":[{"embeddable":true,"href":"https:\/\/nexusstrategy.mg\/index.php\/wp-json\/wp\/v2\/comments?post=126"}],"version-history":[{"count":0,"href":"https:\/\/nexusstrategy.mg\/index.php\/wp-json\/wp\/v2\/pages\/126\/revisions"}],"wp:attachment":[{"href":"https:\/\/nexusstrategy.mg\/index.php\/wp-json\/wp\/v2\/media?parent=126"}],"curies":[{"name":"wp","href":"https:\/\/api.w.org\/{rel}","templated":true}]}}