{"id":136,"date":"2024-10-16T12:38:59","date_gmt":"2024-10-16T12:38:59","guid":{"rendered":"https:\/\/nexusstrategymada.wordpress.com\/?page_id=136"},"modified":"2024-10-16T12:38:59","modified_gmt":"2024-10-16T12:38:59","slug":"marketing-et-communication","status":"publish","type":"page","link":"https:\/\/nexusstrategy.mg\/index.php\/marketing-et-communication\/","title":{"rendered":"Marketing et communication"},"content":{"rendered":"\n<div class=\"wp-block-media-text is-stacked-on-mobile\" style=\"grid-template-columns:35% auto\"><figure class=\"wp-block-media-text__media\"><img decoding=\"async\" src=\"https:\/\/nexusstrategymada.wordpress.com\/wp-content\/uploads\/2024\/10\/corporate-management-strategy-solution-branding-concept-1.jpg?w=727\" alt=\"\" class=\"wp-image-137 size-full\" \/><\/figure><div class=\"wp-block-media-text__content\">\n<p><strong>\u00c9tude de march\u00e9<\/strong><br>Nous effectuons des analyses approfondies du march\u00e9 pour comprendre vos clients, vos concurrents et les tendances de l&rsquo;industrie, afin de vous aider \u00e0 prendre des d\u00e9cisions strat\u00e9giques \u00e9clair\u00e9es en mati\u00e8re de marketing.<\/p>\n\n\n\n<p><\/p>\n\n\n\n<p><strong>D\u00e9veloppement de marque<\/strong><br>Nous travaillons avec vous pour d\u00e9finir votre identit\u00e9 de marque, \u00e9laborer votre positionnement sur le march\u00e9 et cr\u00e9er une image de marque coh\u00e9rente et percutante qui attire et fid\u00e9lise vos clients.<\/p>\n<\/div><\/div>\n\n\n\n<p><strong>Publicit\u00e9 et relations publiques<\/strong><br>Nous concevons et ex\u00e9cutons des campagnes publicitaires cibl\u00e9es et des strat\u00e9gies de relations publiques pour accro\u00eetre la notori\u00e9t\u00e9 de votre entreprise, renforcer votre r\u00e9putation et stimuler la croissance de votre entreprise.<\/p>\n\n\n\n<p><\/p>\n","protected":false},"excerpt":{"rendered":"<p>\u00c9tude de march\u00e9Nous effectuons des analyses approfondies du march\u00e9 pour comprendre vos clients, vos concurrents et les tendances de l&rsquo;industrie, afin de vous aider \u00e0 prendre des d\u00e9cisions strat\u00e9giques \u00e9clair\u00e9es en mati\u00e8re de marketing. D\u00e9veloppement de marqueNous travaillons avec vous pour d\u00e9finir votre identit\u00e9 de marque, \u00e9laborer votre positionnement sur le march\u00e9 et cr\u00e9er une [&hellip;]<\/p>\n","protected":false},"author":1,"featured_media":0,"parent":0,"menu_order":0,"comment_status":"closed","ping_status":"closed","template":"","meta":{"footnotes":""},"class_list":["post-136","page","type-page","status-publish","hentry"],"_links":{"self":[{"href":"https:\/\/nexusstrategy.mg\/index.php\/wp-json\/wp\/v2\/pages\/136","targetHints":{"allow":["GET"]}}],"collection":[{"href":"https:\/\/nexusstrategy.mg\/index.php\/wp-json\/wp\/v2\/pages"}],"about":[{"href":"https:\/\/nexusstrategy.mg\/index.php\/wp-json\/wp\/v2\/types\/page"}],"author":[{"embeddable":true,"href":"https:\/\/nexusstrategy.mg\/index.php\/wp-json\/wp\/v2\/users\/1"}],"replies":[{"embeddable":true,"href":"https:\/\/nexusstrategy.mg\/index.php\/wp-json\/wp\/v2\/comments?post=136"}],"version-history":[{"count":0,"href":"https:\/\/nexusstrategy.mg\/index.php\/wp-json\/wp\/v2\/pages\/136\/revisions"}],"wp:attachment":[{"href":"https:\/\/nexusstrategy.mg\/index.php\/wp-json\/wp\/v2\/media?parent=136"}],"curies":[{"name":"wp","href":"https:\/\/api.w.org\/{rel}","templated":true}]}}