{"id":143,"date":"2024-10-16T12:43:44","date_gmt":"2024-10-16T12:43:44","guid":{"rendered":"https:\/\/nexusstrategymada.wordpress.com\/?page_id=143"},"modified":"2024-10-16T12:43:44","modified_gmt":"2024-10-16T12:43:44","slug":"gestion-de-la-paie","status":"publish","type":"page","link":"https:\/\/nexusstrategy.mg\/index.php\/gestion-de-la-paie\/","title":{"rendered":"Gestion de la paie"},"content":{"rendered":"\n<div class=\"wp-block-media-text is-stacked-on-mobile\" style=\"grid-template-columns:30% auto\"><figure class=\"wp-block-media-text__media\"><img decoding=\"async\" src=\"https:\/\/nexusstrategymada.wordpress.com\/wp-content\/uploads\/2024\/10\/pay-day-salary-income-paycheck-wages-payments-concept-1.jpg?w=653\" alt=\"\" class=\"wp-image-144 size-full\" \/><\/figure><div class=\"wp-block-media-text__content\">\n<p><strong>Traitement des salaires<\/strong><br>Nous calculons et traitons les salaires de vos employ\u00e9s avec pr\u00e9cision et fiabilit\u00e9, en tenant compte des heures travaill\u00e9es, des cong\u00e9s, des avantages sociaux et des retenues obligatoires pour garantir que vos employ\u00e9s sont pay\u00e9s \u00e0 temps et avec exactitude.<\/p>\n\n\n\n<p><strong>D\u00e9clarations fiscales et sociales<\/strong><br>Nous pr\u00e9parons et soumettons vos d\u00e9clarations fiscales et sociales aux autorit\u00e9s comp\u00e9tentes, en veillant \u00e0 ce que vous respectiez toutes les obligations l\u00e9gales en mati\u00e8re de paie et que vos employ\u00e9s b\u00e9n\u00e9ficient des avantages sociaux auxquels ils ont droit.<\/p>\n<\/div><\/div>\n\n\n\n<p><strong>Conseil en gestion de la paie<\/strong><br>Nous vous conseillons sur les meilleures pratiques en mati\u00e8re de gestion de la paie, en vous aidant \u00e0 mettre en place des politiques et des proc\u00e9dures efficaces, \u00e0 automatiser les processus et \u00e0 r\u00e9soudre les probl\u00e8mes li\u00e9s \u00e0 la paie.<\/p>\n\n\n\n<p><strong>Veille l\u00e9gale<\/strong><br>Nous surveillons les \u00e9volutions l\u00e9gales et r\u00e9glementaires en mati\u00e8re de paie pour vous tenir inform\u00e9 des changements potentiels qui pourraient affecter votre entreprise et vous aider \u00e0 rester en conformit\u00e9 avec la l\u00e9gislation en vigueur.<\/p>\n\n\n\n<p><\/p>\n","protected":false},"excerpt":{"rendered":"<p>Traitement des salairesNous calculons et traitons les salaires de vos employ\u00e9s avec pr\u00e9cision et fiabilit\u00e9, en tenant compte des heures travaill\u00e9es, des cong\u00e9s, des avantages sociaux et des retenues obligatoires pour garantir que vos employ\u00e9s sont pay\u00e9s \u00e0 temps et avec exactitude. D\u00e9clarations fiscales et socialesNous pr\u00e9parons et soumettons vos d\u00e9clarations fiscales et sociales aux [&hellip;]<\/p>\n","protected":false},"author":1,"featured_media":0,"parent":0,"menu_order":0,"comment_status":"closed","ping_status":"closed","template":"","meta":{"footnotes":""},"class_list":["post-143","page","type-page","status-publish","hentry"],"_links":{"self":[{"href":"https:\/\/nexusstrategy.mg\/index.php\/wp-json\/wp\/v2\/pages\/143","targetHints":{"allow":["GET"]}}],"collection":[{"href":"https:\/\/nexusstrategy.mg\/index.php\/wp-json\/wp\/v2\/pages"}],"about":[{"href":"https:\/\/nexusstrategy.mg\/index.php\/wp-json\/wp\/v2\/types\/page"}],"author":[{"embeddable":true,"href":"https:\/\/nexusstrategy.mg\/index.php\/wp-json\/wp\/v2\/users\/1"}],"replies":[{"embeddable":true,"href":"https:\/\/nexusstrategy.mg\/index.php\/wp-json\/wp\/v2\/comments?post=143"}],"version-history":[{"count":0,"href":"https:\/\/nexusstrategy.mg\/index.php\/wp-json\/wp\/v2\/pages\/143\/revisions"}],"wp:attachment":[{"href":"https:\/\/nexusstrategy.mg\/index.php\/wp-json\/wp\/v2\/media?parent=143"}],"curies":[{"name":"wp","href":"https:\/\/api.w.org\/{rel}","templated":true}]}}