{"id":149,"date":"2024-10-16T12:45:09","date_gmt":"2024-10-16T12:45:09","guid":{"rendered":"https:\/\/nexusstrategymada.wordpress.com\/?page_id=146"},"modified":"2024-10-16T12:45:09","modified_gmt":"2024-10-16T12:45:09","slug":"tenue-de-la-comptabilite","status":"publish","type":"page","link":"https:\/\/nexusstrategy.mg\/index.php\/tenue-de-la-comptabilite\/","title":{"rendered":"Tenue de la comptabilit\u00e9"},"content":{"rendered":"\n<div class=\"wp-block-media-text is-stacked-on-mobile\" style=\"grid-template-columns:30% auto\"><figure class=\"wp-block-media-text__media\"><img decoding=\"async\" src=\"https:\/\/nexusstrategymada.wordpress.com\/wp-content\/uploads\/2024\/10\/stock-market-exchange-economics-investment-graph-copie.jpg?w=621\" alt=\"\" class=\"wp-image-147 size-full\" \/><\/figure><div class=\"wp-block-media-text__content\">\n<p><strong>Tenue de livres<\/strong><br>Nous assurons le suivi pr\u00e9cis de toutes vos transactions financi\u00e8res, en enregistrant les entr\u00e9es et les sorties dans vos livres comptables et en produisant des rapports financiers clairs et fiables pour vous aider \u00e0 prendre des d\u00e9cisions \u00e9clair\u00e9es.<\/p>\n\n\n\n<p><strong>\u00c9tablissement des \u00e9tats financiers<\/strong><br>Nous pr\u00e9parons des \u00e9tats financiers complets, tels que le bilan, le compte de r\u00e9sultat et le tableau de flux de tr\u00e9sorerie, conform\u00e9ment aux normes comptables en vigueur, pour vous fournir une image pr\u00e9cise de la sant\u00e9 financi\u00e8re de votre entreprise.<\/p>\n<\/div><\/div>\n\n\n\n<p><strong>Conformit\u00e9 r\u00e9glementaire<\/strong><br>Nous vous aidons \u00e0 respecter les exigences r\u00e9glementaires en mati\u00e8re de comptabilit\u00e9, en vous tenant inform\u00e9 des changements de r\u00e9glementation et en vous guidant dans la pr\u00e9paration de vos rapports annuels et autres obligations l\u00e9gales.<\/p>\n\n\n\n<p><strong>Gestion des audits<\/strong><br>Nous pr\u00e9parons votre entreprise aux audits financiers en menant des examens pr\u00e9liminaires de vos op\u00e9rations et en vous fournissant un soutien complet tout au long du processus d&rsquo;audit pour garantir une exp\u00e9rience sans heurts.<\/p>\n\n\n\n<p><\/p>\n","protected":false},"excerpt":{"rendered":"<p>Tenue de livresNous assurons le suivi pr\u00e9cis de toutes vos transactions financi\u00e8res, en enregistrant les entr\u00e9es et les sorties dans vos livres comptables et en produisant des rapports financiers clairs et fiables pour vous aider \u00e0 prendre des d\u00e9cisions \u00e9clair\u00e9es. \u00c9tablissement des \u00e9tats financiersNous pr\u00e9parons des \u00e9tats financiers complets, tels que le bilan, le compte [&hellip;]<\/p>\n","protected":false},"author":1,"featured_media":0,"parent":0,"menu_order":0,"comment_status":"closed","ping_status":"closed","template":"","meta":{"footnotes":""},"class_list":["post-149","page","type-page","status-publish","hentry"],"_links":{"self":[{"href":"https:\/\/nexusstrategy.mg\/index.php\/wp-json\/wp\/v2\/pages\/149","targetHints":{"allow":["GET"]}}],"collection":[{"href":"https:\/\/nexusstrategy.mg\/index.php\/wp-json\/wp\/v2\/pages"}],"about":[{"href":"https:\/\/nexusstrategy.mg\/index.php\/wp-json\/wp\/v2\/types\/page"}],"author":[{"embeddable":true,"href":"https:\/\/nexusstrategy.mg\/index.php\/wp-json\/wp\/v2\/users\/1"}],"replies":[{"embeddable":true,"href":"https:\/\/nexusstrategy.mg\/index.php\/wp-json\/wp\/v2\/comments?post=149"}],"version-history":[{"count":0,"href":"https:\/\/nexusstrategy.mg\/index.php\/wp-json\/wp\/v2\/pages\/149\/revisions"}],"wp:attachment":[{"href":"https:\/\/nexusstrategy.mg\/index.php\/wp-json\/wp\/v2\/media?parent=149"}],"curies":[{"name":"wp","href":"https:\/\/api.w.org\/{rel}","templated":true}]}}