{"id":85,"date":"2024-10-16T05:14:51","date_gmt":"2024-10-16T05:14:51","guid":{"rendered":"https:\/\/nexusstrategymada.wordpress.com\/?page_id=85"},"modified":"2024-10-27T19:03:08","modified_gmt":"2024-10-27T19:03:08","slug":"notre-metier-2","status":"publish","type":"page","link":"https:\/\/nexusstrategy.mg\/index.php\/notre-metier-2\/","title":{"rendered":"Notre m\u00e9tier"},"content":{"rendered":"\n<div class=\"wp-block-group alignfull has-global-padding is-layout-constrained wp-block-group-is-layout-constrained\">\n<div class=\"wp-block-group alignfull has-global-padding is-content-justification-center is-layout-constrained wp-container-core-group-is-layout-df757ecc wp-block-group-is-layout-constrained\" style=\"margin-top:0;margin-bottom:0;padding-top:calc( 0.5 * var(--wp--style--root--padding-right, var(--wp--custom--gap--horizontal)));padding-right:var(--wp--style--root--padding-right, var(--wp--custom--gap--horizontal));padding-bottom:calc( 0.5 * var(--wp--style--root--padding-right, var(--wp--custom--gap--horizontal)));padding-left:var(--wp--style--root--padding-left, var(--wp--custom--gap--horizontal))\">\n<div class=\"wp-block-columns alignwide is-layout-flex wp-container-core-columns-is-layout-d0846407 wp-block-columns-is-layout-flex\">\n<div class=\"wp-block-column is-layout-flow wp-block-column-is-layout-flow\">\n<figure class=\"wp-block-image size-full\"><img loading=\"lazy\" decoding=\"async\" width=\"2560\" height=\"1572\" src=\"https:\/\/nexusstrategy.mg\/wp-content\/uploads\/2024\/10\/volunteer-future-expertise-future-ideas-growth-plans-concept-scaled.jpg\" alt=\"\" class=\"wp-image-311\" style=\"aspect-ratio:4\/3;object-fit:cover\" srcset=\"https:\/\/nexusstrategy.mg\/wp-content\/uploads\/2024\/10\/volunteer-future-expertise-future-ideas-growth-plans-concept-scaled.jpg 2560w, https:\/\/nexusstrategy.mg\/wp-content\/uploads\/2024\/10\/volunteer-future-expertise-future-ideas-growth-plans-concept-300x184.jpg 300w, https:\/\/nexusstrategy.mg\/wp-content\/uploads\/2024\/10\/volunteer-future-expertise-future-ideas-growth-plans-concept-1024x629.jpg 1024w, https:\/\/nexusstrategy.mg\/wp-content\/uploads\/2024\/10\/volunteer-future-expertise-future-ideas-growth-plans-concept-768x472.jpg 768w, https:\/\/nexusstrategy.mg\/wp-content\/uploads\/2024\/10\/volunteer-future-expertise-future-ideas-growth-plans-concept-1536x943.jpg 1536w, https:\/\/nexusstrategy.mg\/wp-content\/uploads\/2024\/10\/volunteer-future-expertise-future-ideas-growth-plans-concept-2048x1257.jpg 2048w\" sizes=\"auto, (max-width: 2560px) 100vw, 2560px\" \/><\/figure>\n\n\n\n<div style=\"height:4px\" aria-hidden=\"true\" class=\"wp-block-spacer\"><\/div>\n\n\n\n<div class=\"wp-block-group is-layout-flow wp-block-group-is-layout-flow\">\n<h3 class=\"wp-block-heading has-medium-font-size\"><a href=\"https:\/\/nexusstrategymada.wordpress.com\/developpement-professionnel\/\">D\u00e9veloppement professionnel<\/a><\/h3>\n<\/div>\n\n\n\n<p>Accompagnement sur mesure \u00e0 travers des formations ax\u00e9es sur le d\u00e9veloppement des comp\u00e9tences, l&rsquo;am\u00e9lioration des performances et l&rsquo;\u00e9panouissement professionnel.<\/p>\n<\/div>\n\n\n\n<div class=\"wp-block-column is-layout-flow wp-block-column-is-layout-flow\">\n<figure class=\"wp-block-image size-full\"><img loading=\"lazy\" decoding=\"async\" width=\"1865\" height=\"2560\" src=\"https:\/\/nexusstrategy.mg\/wp-content\/uploads\/2024\/10\/aerial-view-business-data-analysis-graph-1-scaled.jpg\" alt=\"\" class=\"wp-image-313\" style=\"aspect-ratio:4\/3;object-fit:cover\" srcset=\"https:\/\/nexusstrategy.mg\/wp-content\/uploads\/2024\/10\/aerial-view-business-data-analysis-graph-1-scaled.jpg 1865w, https:\/\/nexusstrategy.mg\/wp-content\/uploads\/2024\/10\/aerial-view-business-data-analysis-graph-1-219x300.jpg 219w, https:\/\/nexusstrategy.mg\/wp-content\/uploads\/2024\/10\/aerial-view-business-data-analysis-graph-1-746x1024.jpg 746w, https:\/\/nexusstrategy.mg\/wp-content\/uploads\/2024\/10\/aerial-view-business-data-analysis-graph-1-768x1054.jpg 768w, https:\/\/nexusstrategy.mg\/wp-content\/uploads\/2024\/10\/aerial-view-business-data-analysis-graph-1-1119x1536.jpg 1119w, https:\/\/nexusstrategy.mg\/wp-content\/uploads\/2024\/10\/aerial-view-business-data-analysis-graph-1-1492x2048.jpg 1492w\" sizes=\"auto, (max-width: 1865px) 100vw, 1865px\" \/><\/figure>\n\n\n\n<div style=\"height:4px\" aria-hidden=\"true\" class=\"wp-block-spacer\"><\/div>\n\n\n\n<div class=\"wp-block-group is-layout-flow wp-block-group-is-layout-flow\">\n<h3 class=\"wp-block-heading has-medium-font-size\"><a href=\"https:\/\/nexusstrategymada.wordpress.com\/management-dentreprises\/\">Management d&rsquo;entreprises<\/a><\/h3>\n<\/div>\n\n\n\n<p>Conseil strat\u00e9gique et op\u00e9rationnel pour optimiser la gestion des entreprises et am\u00e9liorer leur performance globale.<\/p>\n<\/div>\n\n\n\n<div class=\"wp-block-column is-layout-flow wp-block-column-is-layout-flow\">\n<figure class=\"wp-block-image size-full\"><img loading=\"lazy\" decoding=\"async\" width=\"1818\" height=\"2560\" src=\"https:\/\/nexusstrategy.mg\/wp-content\/uploads\/2024\/10\/corporate-management-strategy-solution-branding-concept-1-scaled.jpg\" alt=\"\" class=\"wp-image-316\" style=\"aspect-ratio:4\/3;object-fit:cover\" srcset=\"https:\/\/nexusstrategy.mg\/wp-content\/uploads\/2024\/10\/corporate-management-strategy-solution-branding-concept-1-scaled.jpg 1818w, https:\/\/nexusstrategy.mg\/wp-content\/uploads\/2024\/10\/corporate-management-strategy-solution-branding-concept-1-213x300.jpg 213w, https:\/\/nexusstrategy.mg\/wp-content\/uploads\/2024\/10\/corporate-management-strategy-solution-branding-concept-1-727x1024.jpg 727w, https:\/\/nexusstrategy.mg\/wp-content\/uploads\/2024\/10\/corporate-management-strategy-solution-branding-concept-1-768x1081.jpg 768w, https:\/\/nexusstrategy.mg\/wp-content\/uploads\/2024\/10\/corporate-management-strategy-solution-branding-concept-1-1091x1536.jpg 1091w, https:\/\/nexusstrategy.mg\/wp-content\/uploads\/2024\/10\/corporate-management-strategy-solution-branding-concept-1-1454x2048.jpg 1454w\" sizes=\"auto, (max-width: 1818px) 100vw, 1818px\" \/><\/figure>\n\n\n\n<div style=\"height:4px\" aria-hidden=\"true\" class=\"wp-block-spacer\"><\/div>\n\n\n\n<div class=\"wp-block-group is-layout-flow wp-block-group-is-layout-flow\">\n<h3 class=\"wp-block-heading has-medium-font-size\"><a href=\"https:\/\/nexusstrategymada.wordpress.com\/marketing-et-communication\/\">Marketing et communication<\/a><\/h3>\n<\/div>\n\n\n\n<p>\u00c9laboration de strat\u00e9gies de marketing et de communication innovantes pour renforcer la visibilit\u00e9 et l\u2019engagement client.<\/p>\n<\/div>\n<\/div>\n\n\n\n<div style=\"height:var(--wp--preset--spacing--20)\" aria-hidden=\"true\" class=\"wp-block-spacer\"><\/div>\n\n\n\n<div class=\"wp-block-columns alignwide is-layout-flex wp-container-core-columns-is-layout-d0846407 wp-block-columns-is-layout-flex\">\n<div class=\"wp-block-column is-layout-flow wp-block-column-is-layout-flow\">\n<figure class=\"wp-block-image size-full\"><img loading=\"lazy\" decoding=\"async\" width=\"2560\" height=\"1719\" src=\"https:\/\/nexusstrategy.mg\/wp-content\/uploads\/2024\/10\/stock-market-exchange-economics-investment-graph-scaled.jpg\" alt=\"\" class=\"wp-image-77\" style=\"aspect-ratio:4\/3;object-fit:cover\" srcset=\"https:\/\/nexusstrategy.mg\/wp-content\/uploads\/2024\/10\/stock-market-exchange-economics-investment-graph-scaled.jpg 2560w, https:\/\/nexusstrategy.mg\/wp-content\/uploads\/2024\/10\/stock-market-exchange-economics-investment-graph-300x201.jpg 300w, https:\/\/nexusstrategy.mg\/wp-content\/uploads\/2024\/10\/stock-market-exchange-economics-investment-graph-1024x688.jpg 1024w, https:\/\/nexusstrategy.mg\/wp-content\/uploads\/2024\/10\/stock-market-exchange-economics-investment-graph-768x516.jpg 768w, https:\/\/nexusstrategy.mg\/wp-content\/uploads\/2024\/10\/stock-market-exchange-economics-investment-graph-1536x1031.jpg 1536w, https:\/\/nexusstrategy.mg\/wp-content\/uploads\/2024\/10\/stock-market-exchange-economics-investment-graph-2048x1375.jpg 2048w\" sizes=\"auto, (max-width: 2560px) 100vw, 2560px\" \/><\/figure>\n\n\n\n<div style=\"height:4px\" aria-hidden=\"true\" class=\"wp-block-spacer\"><\/div>\n\n\n\n<div class=\"wp-block-group is-layout-flow wp-block-group-is-layout-flow\">\n<h3 class=\"wp-block-heading has-medium-font-size\"><a href=\"https:\/\/nexusstrategymada.wordpress.com\/gestion-financiere\/\">Gestion financi\u00e8re<\/a><\/h3>\n<\/div>\n\n\n\n<p>Assistance en gestion financi\u00e8re pour une planification efficace des ressources et une prise de d\u00e9cision \u00e9clair\u00e9e.<\/p>\n<\/div>\n\n\n\n<div class=\"wp-block-column is-layout-flow wp-block-column-is-layout-flow\">\n<figure class=\"wp-block-image size-full\"><img loading=\"lazy\" decoding=\"async\" width=\"1633\" height=\"2560\" src=\"https:\/\/nexusstrategy.mg\/wp-content\/uploads\/2024\/10\/pay-day-salary-income-paycheck-wages-payments-concept-1-scaled.jpg\" alt=\"\" class=\"wp-image-317\" style=\"aspect-ratio:4\/3;object-fit:cover\" srcset=\"https:\/\/nexusstrategy.mg\/wp-content\/uploads\/2024\/10\/pay-day-salary-income-paycheck-wages-payments-concept-1-scaled.jpg 1633w, https:\/\/nexusstrategy.mg\/wp-content\/uploads\/2024\/10\/pay-day-salary-income-paycheck-wages-payments-concept-1-191x300.jpg 191w, https:\/\/nexusstrategy.mg\/wp-content\/uploads\/2024\/10\/pay-day-salary-income-paycheck-wages-payments-concept-1-653x1024.jpg 653w, https:\/\/nexusstrategy.mg\/wp-content\/uploads\/2024\/10\/pay-day-salary-income-paycheck-wages-payments-concept-1-768x1204.jpg 768w, https:\/\/nexusstrategy.mg\/wp-content\/uploads\/2024\/10\/pay-day-salary-income-paycheck-wages-payments-concept-1-980x1536.jpg 980w, https:\/\/nexusstrategy.mg\/wp-content\/uploads\/2024\/10\/pay-day-salary-income-paycheck-wages-payments-concept-1-1306x2048.jpg 1306w\" sizes=\"auto, (max-width: 1633px) 100vw, 1633px\" \/><\/figure>\n\n\n\n<div style=\"height:4px\" aria-hidden=\"true\" class=\"wp-block-spacer\"><\/div>\n\n\n\n<div class=\"wp-block-group is-layout-flow wp-block-group-is-layout-flow\">\n<h3 class=\"wp-block-heading has-medium-font-size\"><a href=\"https:\/\/nexusstrategymada.wordpress.com\/gestion-de-la-paie\/\">Gestion de la paie<\/a><\/h3>\n<\/div>\n\n\n\n<p>Service complet de gestion de la paie, garantissant conformit\u00e9, pr\u00e9cision et efficacit\u00e9 des op\u00e9rations de r\u00e9mun\u00e9ration.<\/p>\n<\/div>\n\n\n\n<div class=\"wp-block-column is-layout-flow wp-block-column-is-layout-flow\">\n<figure class=\"wp-block-image size-large\"><img loading=\"lazy\" decoding=\"async\" width=\"1024\" height=\"652\" src=\"https:\/\/nexusstrategy.mg\/wp-content\/uploads\/2024\/10\/stacks-coins-arranged-bar-graph-1024x652.jpg\" alt=\"\" class=\"wp-image-320\" style=\"aspect-ratio:4\/3;object-fit:cover\" srcset=\"https:\/\/nexusstrategy.mg\/wp-content\/uploads\/2024\/10\/stacks-coins-arranged-bar-graph-1024x652.jpg 1024w, https:\/\/nexusstrategy.mg\/wp-content\/uploads\/2024\/10\/stacks-coins-arranged-bar-graph-300x191.jpg 300w, https:\/\/nexusstrategy.mg\/wp-content\/uploads\/2024\/10\/stacks-coins-arranged-bar-graph-768x489.jpg 768w, https:\/\/nexusstrategy.mg\/wp-content\/uploads\/2024\/10\/stacks-coins-arranged-bar-graph-1536x977.jpg 1536w, https:\/\/nexusstrategy.mg\/wp-content\/uploads\/2024\/10\/stacks-coins-arranged-bar-graph-2048x1303.jpg 2048w\" sizes=\"auto, (max-width: 1024px) 100vw, 1024px\" \/><\/figure>\n\n\n\n<div style=\"height:4px\" aria-hidden=\"true\" class=\"wp-block-spacer\"><\/div>\n\n\n\n<div class=\"wp-block-group is-layout-flow wp-block-group-is-layout-flow\">\n<h3 class=\"wp-block-heading has-medium-font-size\"><a href=\"https:\/\/nexusstrategymada.wordpress.com\/tenue-de-la-comptabilite\/\">Tenue de la comptabilit\u00e9<\/a><\/h3>\n<\/div>\n\n\n\n<p>Service de comptabilit\u00e9 rigoureux pour assurer la transparence financi\u00e8re et la conformit\u00e9 aux normes en vigueur.<\/p>\n<\/div>\n<\/div>\n\n\n\n<div style=\"height:var(--wp--preset--spacing--20)\" aria-hidden=\"true\" class=\"wp-block-spacer\"><\/div>\n<\/div>\n\n\n\n<div style=\"height:var(--wp--preset--spacing--20)\" aria-hidden=\"true\" class=\"wp-block-spacer\"><\/div>\n<\/div>\n","protected":false},"excerpt":{"rendered":"<p>D\u00e9veloppement professionnel Accompagnement sur mesure \u00e0 travers des formations ax\u00e9es sur le d\u00e9veloppement des comp\u00e9tences, l&rsquo;am\u00e9lioration des performances et l&rsquo;\u00e9panouissement professionnel. Management d&rsquo;entreprises Conseil strat\u00e9gique et op\u00e9rationnel pour optimiser la gestion des entreprises et am\u00e9liorer leur performance globale. Marketing et communication \u00c9laboration de strat\u00e9gies de marketing et de communication innovantes pour renforcer la visibilit\u00e9 et [&hellip;]<\/p>\n","protected":false},"author":1,"featured_media":0,"parent":0,"menu_order":0,"comment_status":"closed","ping_status":"closed","template":"","meta":{"footnotes":""},"class_list":["post-85","page","type-page","status-publish","hentry"],"_links":{"self":[{"href":"https:\/\/nexusstrategy.mg\/index.php\/wp-json\/wp\/v2\/pages\/85","targetHints":{"allow":["GET"]}}],"collection":[{"href":"https:\/\/nexusstrategy.mg\/index.php\/wp-json\/wp\/v2\/pages"}],"about":[{"href":"https:\/\/nexusstrategy.mg\/index.php\/wp-json\/wp\/v2\/types\/page"}],"author":[{"embeddable":true,"href":"https:\/\/nexusstrategy.mg\/index.php\/wp-json\/wp\/v2\/users\/1"}],"replies":[{"embeddable":true,"href":"https:\/\/nexusstrategy.mg\/index.php\/wp-json\/wp\/v2\/comments?post=85"}],"version-history":[{"count":14,"href":"https:\/\/nexusstrategy.mg\/index.php\/wp-json\/wp\/v2\/pages\/85\/revisions"}],"predecessor-version":[{"id":321,"href":"https:\/\/nexusstrategy.mg\/index.php\/wp-json\/wp\/v2\/pages\/85\/revisions\/321"}],"wp:attachment":[{"href":"https:\/\/nexusstrategy.mg\/index.php\/wp-json\/wp\/v2\/media?parent=85"}],"curies":[{"name":"wp","href":"https:\/\/api.w.org\/{rel}","templated":true}]}}